{"id":59,"date":"2019-04-15T09:27:08","date_gmt":"2019-04-15T09:27:08","guid":{"rendered":"http:\/\/metallbau-spielvogel.de\/?page_id=59"},"modified":"2024-11-11T07:55:03","modified_gmt":"2024-11-11T07:55:03","slug":"ueber-uns","status":"publish","type":"page","link":"https:\/\/metallbau-spielvogel.de\/?page_id=59","title":{"rendered":"\u00dcber Uns"},"content":{"rendered":"<div class=\"wp-block-image\">\n<figure class=\"alignleft size-large is-resized\"><img loading=\"lazy\" decoding=\"async\" src=\"https:\/\/metallbau-spielvogel.de\/wp-content\/uploads\/2022\/06\/Firmenbild-1-1024x582.png\" alt=\"\" class=\"wp-image-432\" width=\"374\" height=\"210\"\/><\/figure><\/div>\n\n\n<p>Unsere Firma, welche als Familienbetrieb gef\u00fchrt wird, wurde 1977 von Werner Spielvogel gegr\u00fcndet. Als Gesch\u00e4ftsf\u00fchrer sind Werner Spielvogel und Dipl. Ingenieur Christian Schwenke t\u00e4tig. Wir sind ein metallverarbeitender Betrieb, der Ihnen eine anspruchsvolle und individuelle Leistung in den folgenden Bereichen bietet:<br><\/p>\n\n\n\n<p><strong>Beratung &#8211; Planung (3D-CAD) &#8211; Fertigung &#8211; Montage &#8211; Kundendienst<\/strong><br><\/p>\n\n\n\n<p>Unsere Mitarbeiter bieten qualitativ hochwertige Produkte und Dienstleistungen an, auf die Sie sich verlassen k\u00f6nnen. Au\u00dferdem stehen Ihnen unsere freundlichen und professionellen Mitarbeiter jederzeit zur Verf\u00fcgung, wenn Sie Fragen zu unserem Unternehmen oder unseren Services haben.<br><\/p>\n\n\n\n<p>Egal ob Sie ein schlichtes Gel\u00e4nder, lasergeschnittene Bauteile oder gute Dienstleistungen ben\u00f6tigen, wir haben das Richtige f\u00fcr Sie. Das Ziel von uns ist es, Ihnen einen freundlichen, angemessenen, professionellen und erstklassigen Service zu bieten.<br><\/p>\n\n\n\n<br> <br>\n\n\n\n<p class=\"has-text-align-center\">Bei Fragen zu unserem Service oder Produkten, schreiben Sie uns gerne eine E-Mail an<br>info@metallbau-spielvogel.de oder rufen sie uns Pers\u00f6nlich unter 0851 \/ 43939 an.<br>Gerne stehen wir ihnen von<br>Montag &#8211; Donnerstag von 7:00 &#8211; 17:00 und Freitag von 7:00 &#8211; 12:15<br>zur Verf\u00fcgung<\/p>\n\n\n\n<p class=\"has-text-align-center has-medium-font-size\">Bei Metallbau Spielvogel steht der Kunde immer an erster Stelle.<\/p>\n\n\n\n<p><\/p>\n\n\n\n<p><\/p>\n","protected":false},"excerpt":{"rendered":"<p>Unsere Firma, welche als Familienbetrieb gef\u00fchrt wird, wurde 1977 von Werner Spielvogel gegr\u00fcndet. Als Gesch\u00e4ftsf\u00fchrer sind Werner Spielvogel und Dipl. Ingenieur Christian Schwenke t\u00e4tig. Wir sind ein metallverarbeitender Betrieb, der Ihnen eine anspruchsvolle und individuelle Leistung in den folgenden Bereichen bietet: Beratung &#8211; Planung (3D-CAD) &#8211; Fertigung &#8211; Montage &#8211; [&hellip;]<\/p>\n","protected":false},"author":1,"featured_media":0,"parent":0,"menu_order":0,"comment_status":"closed","ping_status":"closed","template":"","meta":{"ngg_post_thumbnail":0,"footnotes":""},"class_list":["post-59","page","type-page","status-publish","hentry"],"_links":{"self":[{"href":"https:\/\/metallbau-spielvogel.de\/index.php?rest_route=\/wp\/v2\/pages\/59","targetHints":{"allow":["GET"]}}],"collection":[{"href":"https:\/\/metallbau-spielvogel.de\/index.php?rest_route=\/wp\/v2\/pages"}],"about":[{"href":"https:\/\/metallbau-spielvogel.de\/index.php?rest_route=\/wp\/v2\/types\/page"}],"author":[{"embeddable":true,"href":"https:\/\/metallbau-spielvogel.de\/index.php?rest_route=\/wp\/v2\/users\/1"}],"replies":[{"embeddable":true,"href":"https:\/\/metallbau-spielvogel.de\/index.php?rest_route=%2Fwp%2Fv2%2Fcomments&post=59"}],"version-history":[{"count":28,"href":"https:\/\/metallbau-spielvogel.de\/index.php?rest_route=\/wp\/v2\/pages\/59\/revisions"}],"predecessor-version":[{"id":463,"href":"https:\/\/metallbau-spielvogel.de\/index.php?rest_route=\/wp\/v2\/pages\/59\/revisions\/463"}],"wp:attachment":[{"href":"https:\/\/metallbau-spielvogel.de\/index.php?rest_route=%2Fwp%2Fv2%2Fmedia&parent=59"}],"curies":[{"name":"wp","href":"https:\/\/api.w.org\/{rel}","templated":true}]}}