{"id":23,"date":"2019-04-08T15:45:48","date_gmt":"2019-04-08T15:45:48","guid":{"rendered":"http:\/\/metallbau-spielvogel.de\/?page_id=23"},"modified":"2024-11-06T10:50:04","modified_gmt":"2024-11-06T10:50:04","slug":"contact","status":"publish","type":"page","link":"https:\/\/metallbau-spielvogel.de\/?page_id=23","title":{"rendered":"Kontakt &#038; Anfahrt"},"content":{"rendered":"\n<h3 class=\"wp-block-heading\"><br>Unsere \u00d6ffnungszeiten:<\/h3>\n\n\n\n<p>Montag bis Donnerstag : 7:00 &#8211; 17:00<br>Freitag : 7:00 &#8211; 12:00<br><\/p>\n\n\n\n<h3 class=\"wp-block-heading\">Unser B\u00fcro:<\/h3>\n\n\n\n<p>Postgasse 12a,<\/p>\n\n\n\n<p>94121 Salzweg<\/p>\n\n\n\n<p><\/p>\n\n\n\n<h3 class=\"wp-block-heading\">Kontaktm\u00f6glichkeiten:<\/h3>\n\n\n\n<p>Telefon : 0851 \/ 43939<\/p>\n\n\n\n<p>Fax : 0851 \/ 45392<\/p>\n\n\n\n<p>Email : info@metallbau-spielvogel.de<\/p>\n","protected":false},"excerpt":{"rendered":"<p>Unsere \u00d6ffnungszeiten: Montag bis Donnerstag : 7:00 &#8211; 17:00Freitag : 7:00 &#8211; 12:00 Unser B\u00fcro: Postgasse 12a, 94121 Salzweg Kontaktm\u00f6glichkeiten: Telefon : 0851 \/ 43939 Fax : 0851 \/ 45392 Email : info@metallbau-spielvogel.de<\/p>\n","protected":false},"author":1,"featured_media":0,"parent":0,"menu_order":0,"comment_status":"closed","ping_status":"closed","template":"","meta":{"ngg_post_thumbnail":0,"footnotes":""},"class_list":["post-23","page","type-page","status-publish","hentry"],"_links":{"self":[{"href":"https:\/\/metallbau-spielvogel.de\/index.php?rest_route=\/wp\/v2\/pages\/23","targetHints":{"allow":["GET"]}}],"collection":[{"href":"https:\/\/metallbau-spielvogel.de\/index.php?rest_route=\/wp\/v2\/pages"}],"about":[{"href":"https:\/\/metallbau-spielvogel.de\/index.php?rest_route=\/wp\/v2\/types\/page"}],"author":[{"embeddable":true,"href":"https:\/\/metallbau-spielvogel.de\/index.php?rest_route=\/wp\/v2\/users\/1"}],"replies":[{"embeddable":true,"href":"https:\/\/metallbau-spielvogel.de\/index.php?rest_route=%2Fwp%2Fv2%2Fcomments&post=23"}],"version-history":[{"count":25,"href":"https:\/\/metallbau-spielvogel.de\/index.php?rest_route=\/wp\/v2\/pages\/23\/revisions"}],"predecessor-version":[{"id":449,"href":"https:\/\/metallbau-spielvogel.de\/index.php?rest_route=\/wp\/v2\/pages\/23\/revisions\/449"}],"wp:attachment":[{"href":"https:\/\/metallbau-spielvogel.de\/index.php?rest_route=%2Fwp%2Fv2%2Fmedia&parent=23"}],"curies":[{"name":"wp","href":"https:\/\/api.w.org\/{rel}","templated":true}]}}